{"id":1259,"date":"2023-07-04T19:51:38","date_gmt":"2023-07-04T19:51:38","guid":{"rendered":"https:\/\/gravityrankings.davidweb.pro\/?page_id=1259"},"modified":"2023-07-09T16:43:42","modified_gmt":"2023-07-09T19:43:42","slug":"book","status":"publish","type":"page","link":"https:\/\/gravityrankings.davidweb.pro\/br\/book\/","title":{"rendered":"Marque uma consulta"},"content":{"rendered":"<div class=\"wp-block-group alignfull bg has-subtle-background-color has-background\"><div class=\"wp-block-group__inner-container is-layout-flow wp-block-group-is-layout-flow\">\n<h1 class=\"wp-block-heading alignwide has-text-align-center\">Impulsione o crescimento do seu neg\u00f3cio<\/h1>\n\n\n\n<p class=\"has-text-align-center has-large-font-size\">Ei! Estamos entusiasmados por voc\u00ea estar aqui porque isso significa que voc\u00ea est\u00e1 pronto para elevar o seu neg\u00f3cio.<\/p>\n\n\n\n<!-- Start of Meetings Embed Script -->\n    <div class=\"meetings-iframe-container\" data-src=\"https:\/\/meetings.hubspot.com\/david-maillard?embed=true\"><\/div>\n    <script type=\"text\/javascript\" src=\"https:\/\/static.hsappstatic.net\/MeetingsEmbed\/ex\/MeetingsEmbedCode.js\"><\/script>\n  <!-- End of Meetings Embed Script -->\n<\/div><\/div>","protected":false},"excerpt":{"rendered":"<p>Ignite Your Business Growth Hey there! We&#8217;re excited you&#8217;re here because it means you&#8217;re ready to elevate your business.<\/p>","protected":false},"author":1,"featured_media":0,"parent":0,"menu_order":0,"comment_status":"closed","ping_status":"closed","template":"tw-header-transparent.php","meta":{"footnotes":""},"class_list":["post-1259","page","type-page","status-publish","hentry","entry"],"featured_image_src":null,"_links":{"self":[{"href":"https:\/\/gravityrankings.davidweb.pro\/br\/wp-json\/wp\/v2\/pages\/1259","targetHints":{"allow":["GET"]}}],"collection":[{"href":"https:\/\/gravityrankings.davidweb.pro\/br\/wp-json\/wp\/v2\/pages"}],"about":[{"href":"https:\/\/gravityrankings.davidweb.pro\/br\/wp-json\/wp\/v2\/types\/page"}],"author":[{"embeddable":true,"href":"https:\/\/gravityrankings.davidweb.pro\/br\/wp-json\/wp\/v2\/users\/1"}],"replies":[{"embeddable":true,"href":"https:\/\/gravityrankings.davidweb.pro\/br\/wp-json\/wp\/v2\/comments?post=1259"}],"version-history":[{"count":11,"href":"https:\/\/gravityrankings.davidweb.pro\/br\/wp-json\/wp\/v2\/pages\/1259\/revisions"}],"predecessor-version":[{"id":1653,"href":"https:\/\/gravityrankings.davidweb.pro\/br\/wp-json\/wp\/v2\/pages\/1259\/revisions\/1653"}],"wp:attachment":[{"href":"https:\/\/gravityrankings.davidweb.pro\/br\/wp-json\/wp\/v2\/media?parent=1259"}],"curies":[{"name":"wp","href":"https:\/\/api.w.org\/{rel}","templated":true}]}}