{"id":631,"date":"2022-04-18T11:52:18","date_gmt":"2022-04-18T14:52:18","guid":{"rendered":"https:\/\/gravityrankings.davidweb.pro\/?page_id=631"},"modified":"2022-04-29T09:35:36","modified_gmt":"2022-04-29T12:35:36","slug":"seo-step-1-initial-research-and-setup","status":"publish","type":"page","link":"https:\/\/gravityrankings.davidweb.pro\/br\/seo\/seo-step-1-initial-research-and-setup\/","title":{"rendered":"Etapa 1 de SEO: pesquisa inicial e configura\u00e7\u00e3o"},"content":{"rendered":"<h3 class=\"wp-block-heading\">Auditoria detalhada do site<\/h3>\n\n\n\n<p>Primeiro, precisamos realizar uma auditoria aprofundada do seu site para detectar quaisquer problemas t\u00e9cnicos e garantir que seja index\u00e1vel. Durante esse est\u00e1gio, nossos especialistas em SEO tamb\u00e9m podem fornecer orienta\u00e7\u00f5es (se ainda n\u00e3o tiverem sido feitas) sobre como vincular seu site ao Google Search Console, para que possamos detectar os principais problemas identificados pelo pr\u00f3prio Google.<\/p>\n\n\n\n<h3 class=\"wp-block-heading\">Configura\u00e7\u00e3o do Analytics e revis\u00e3o de dados<\/h3>\n\n\n\n<p>Ao usar o Google Analytics, poderemos medir com efici\u00eancia o sucesso de sua campanha e usar os dados coletados para tomar as decis\u00f5es corretas ao longo da vida \u00fatil da campanha. Se o Google Analytics ainda n\u00e3o tiver sido configurado, podemos fornecer orienta\u00e7\u00e3o sobre como faz\u00ea-lo.<\/p>\n\n\n\n<h3 class=\"wp-block-heading\">Descoberta de neg\u00f3cios<\/h3>\n\n\n\n<p>Para impulsionar o crescimento, \u00e9 vital que aprendamos o m\u00e1ximo poss\u00edvel sobre seu setor, clientes e concorrentes. Nosso objetivo \u00e9 fazer isso da forma mais independente poss\u00edvel por meio de pesquisa na Web. No entanto, \u00e0s vezes podemos precisar fazer algumas perguntas ao longo do caminho.<\/p>\n\n\n\n<h3 class=\"wp-block-heading\">An\u00e1lise da concorr\u00eancia<\/h3>\n\n\n\n<p>Uma an\u00e1lise da concorr\u00eancia nos permite comparar seu conte\u00fado (e outros fatores de SEO) com o de seus concorrentes. Isso nos ajudar\u00e1 a identificar oportunidades e estabelecer exatamente no que precisaremos focar para super\u00e1-las.<\/p>\n\n\n\n<h3 class=\"wp-block-heading\">Auditoria e planejamento de backlinks<\/h3>\n\n\n\n<p>O algoritmo do Google usa Intelig\u00eancia Artificial para determinar como deve ser um perfil de link bem equilibrado para cada nicho. Para garantir que desenvolvemos o perfil de link de apar\u00eancia mais eficaz e natural poss\u00edvel, planejamos nossa estrat\u00e9gia de links em torno de uma auditoria completa de links do concorrente.<\/p>\n\n\n\n<h3 class=\"wp-block-heading\">Ativos vincul\u00e1veis existentes<\/h3>\n\n\n\n<p>Depois de garantir que todos os problemas t\u00e9cnicos em seu site foram resolvidos, faremos um registro de todas as p\u00e1ginas existentes (ou postagens) \u00e0s quais acreditamos que outros sites possam estar interessados em criar links.<\/p>\n\n\n\n<h3 class=\"wp-block-heading\">Alcance e tom de conte\u00fado<\/h3>\n\n\n\n<p>Para maximizar os resultados, \u00e9 importante entendermos o tom que precisaremos usar para nos comunicarmos efetivamente com outros sites do seu setor (para divulga\u00e7\u00e3o) e tamb\u00e9m o tom que deve ser usado para qualquer conte\u00fado criado.<\/p>\n\n\n\n<h3 class=\"wp-block-heading\">Cria\u00e7\u00e3o de Persona<\/h3>\n\n\n\n<p>Para maximizar a resposta na divulga\u00e7\u00e3o por e-mail, ajuda imensamente a lan\u00e7armos em nome de sua empresa, em vez de uma empresa de SEO. N\u00f3s cuidamos da cria\u00e7\u00e3o dessas personas, incluindo a configura\u00e7\u00e3o de quaisquer endere\u00e7os de e-mail necess\u00e1rios.<\/p>","protected":false},"excerpt":{"rendered":"<p>Auditoria aprofundada do site Primeiro, precisamos realizar uma auditoria aprofundada do seu site para detectar quaisquer problemas t\u00e9cnicos e garantir que seja index\u00e1vel. Durante esta etapa, nossos especialistas em SEO tamb\u00e9m podem fornecer orienta\u00e7\u00f5es (se ainda n\u00e3o tiverem sido feitas) sobre como vincular seu site ao Google Search Console, para que possamos\u2026 <a class=\"more-link\" href=\"https:\/\/gravityrankings.davidweb.pro\/br\/seo\/seo-step-1-initial-research-and-setup\/\">continuar lendo <span class=\"screen-reader-text\">Etapa 1 de SEO: pesquisa inicial e configura\u00e7\u00e3o<\/span><\/a><\/p>","protected":false},"author":1,"featured_media":0,"parent":577,"menu_order":0,"comment_status":"closed","ping_status":"closed","template":"","meta":{"footnotes":""},"class_list":["post-631","page","type-page","status-publish","hentry","entry"],"featured_image_src":null,"_links":{"self":[{"href":"https:\/\/gravityrankings.davidweb.pro\/br\/wp-json\/wp\/v2\/pages\/631","targetHints":{"allow":["GET"]}}],"collection":[{"href":"https:\/\/gravityrankings.davidweb.pro\/br\/wp-json\/wp\/v2\/pages"}],"about":[{"href":"https:\/\/gravityrankings.davidweb.pro\/br\/wp-json\/wp\/v2\/types\/page"}],"author":[{"embeddable":true,"href":"https:\/\/gravityrankings.davidweb.pro\/br\/wp-json\/wp\/v2\/users\/1"}],"replies":[{"embeddable":true,"href":"https:\/\/gravityrankings.davidweb.pro\/br\/wp-json\/wp\/v2\/comments?post=631"}],"version-history":[{"count":2,"href":"https:\/\/gravityrankings.davidweb.pro\/br\/wp-json\/wp\/v2\/pages\/631\/revisions"}],"predecessor-version":[{"id":634,"href":"https:\/\/gravityrankings.davidweb.pro\/br\/wp-json\/wp\/v2\/pages\/631\/revisions\/634"}],"up":[{"embeddable":true,"href":"https:\/\/gravityrankings.davidweb.pro\/br\/wp-json\/wp\/v2\/pages\/577"}],"wp:attachment":[{"href":"https:\/\/gravityrankings.davidweb.pro\/br\/wp-json\/wp\/v2\/media?parent=631"}],"curies":[{"name":"wp","href":"https:\/\/api.w.org\/{rel}","templated":true}]}}