{"id":635,"date":"2022-04-18T11:58:55","date_gmt":"2022-04-18T14:58:55","guid":{"rendered":"https:\/\/gravityrankings.davidweb.pro\/?page_id=635"},"modified":"2022-04-29T09:35:36","modified_gmt":"2022-04-29T12:35:36","slug":"seo-step-2-full-planning-preparation-and-prospecting","status":"publish","type":"page","link":"https:\/\/gravityrankings.davidweb.pro\/br\/seo\/seo-step-2-full-planning-preparation-and-prospecting\/","title":{"rendered":"Etapa 2 de SEO: planejamento, prepara\u00e7\u00e3o e prospec\u00e7\u00e3o completos"},"content":{"rendered":"<h3 class=\"wp-block-heading\">Mapeamento de termos de pesquisa<\/h3>\n\n\n\n<p>Usando uma variedade de diferentes ferramentas de descoberta de palavras-chave, nossos especialistas em SEO podem encontrar os termos de pesquisa mais lucrativos e vi\u00e1veis para o seu neg\u00f3cio. Podemos ent\u00e3o usar os dados coletados para determinar quais p\u00e1ginas em seu site seriam mais adequadas a cada termo de pesquisa, permitindo-nos focar a p\u00e1gina em torno disso.<\/p>\n\n\n\n<h3 class=\"wp-block-heading\">Pesquisa e mapeamento de palavras-chave t\u00f3picas<\/h3>\n\n\n\n<p>Em vez de simplesmente identificar termos de pesquisa individuais para segmentar, encontramos o maior n\u00famero poss\u00edvel de palavras-chave relacionadas e as agrupamos em t\u00f3picos. Isso nos permite trabalhar para classificar seu site para v\u00e1rios termos de pesquisa simultaneamente, concentrando o conte\u00fado em todo o t\u00f3pico. Esses t\u00f3picos podem ser combinados com os diferentes est\u00e1gios do funil do seu site, com base na inten\u00e7\u00e3o do pesquisador.<\/p>\n\n\n\n<h3 class=\"wp-block-heading\">Resultados acelerados<\/h3>\n\n\n\n<p>Para gerar os resultados mais r\u00e1pidos poss\u00edveis para voc\u00ea, inicialmente nos concentraremos em criar links para qualquer uma das suas p\u00e1ginas da Web que j\u00e1 estejam pr\u00f3ximas da classifica\u00e7\u00e3o na p\u00e1gina um dos resultados da pesquisa. Isso pode nos permitir gerar algum tr\u00e1fego logo no in\u00edcio da campanha.<\/p>\n\n\n\n<h3 class=\"wp-block-heading\">Prospec\u00e7\u00e3o de Links<\/h3>\n\n\n\n<p>Para que possamos criar links para o seu site, primeiro precisamos de uma cole\u00e7\u00e3o de sites e propriet\u00e1rios\/editores de sites correspondentes para entrar em contato. No in\u00edcio de sua campanha de SEO, nossos Prospectores encontrar\u00e3o os sites mais relevantes para entrarmos em contato durante o processo de cria\u00e7\u00e3o de links e determinar\u00e3o a melhor pessoa para contatar em rela\u00e7\u00e3o a cada site.<\/p>","protected":false},"excerpt":{"rendered":"<p>Mapeamento de termos de pesquisa Usando uma variedade de ferramentas diferentes de descoberta de palavras-chave, nossos especialistas em SEO s\u00e3o capazes de encontrar os termos de pesquisa mais lucrativos e vi\u00e1veis para o seu neg\u00f3cio. Podemos ent\u00e3o usar os dados coletados para determinar quais p\u00e1ginas do seu site seriam mais adequadas a cada termo de pesquisa, permitindo-nos focar\u2026 <a class=\"more-link\" href=\"https:\/\/gravityrankings.davidweb.pro\/br\/seo\/seo-step-2-full-planning-preparation-and-prospecting\/\">continuar lendo <span class=\"screen-reader-text\">Etapa 2 de SEO: planejamento, prepara\u00e7\u00e3o e prospec\u00e7\u00e3o completos<\/span><\/a><\/p>","protected":false},"author":1,"featured_media":0,"parent":577,"menu_order":0,"comment_status":"closed","ping_status":"closed","template":"","meta":{"footnotes":""},"class_list":["post-635","page","type-page","status-publish","hentry","entry"],"featured_image_src":null,"_links":{"self":[{"href":"https:\/\/gravityrankings.davidweb.pro\/br\/wp-json\/wp\/v2\/pages\/635","targetHints":{"allow":["GET"]}}],"collection":[{"href":"https:\/\/gravityrankings.davidweb.pro\/br\/wp-json\/wp\/v2\/pages"}],"about":[{"href":"https:\/\/gravityrankings.davidweb.pro\/br\/wp-json\/wp\/v2\/types\/page"}],"author":[{"embeddable":true,"href":"https:\/\/gravityrankings.davidweb.pro\/br\/wp-json\/wp\/v2\/users\/1"}],"replies":[{"embeddable":true,"href":"https:\/\/gravityrankings.davidweb.pro\/br\/wp-json\/wp\/v2\/comments?post=635"}],"version-history":[{"count":2,"href":"https:\/\/gravityrankings.davidweb.pro\/br\/wp-json\/wp\/v2\/pages\/635\/revisions"}],"predecessor-version":[{"id":638,"href":"https:\/\/gravityrankings.davidweb.pro\/br\/wp-json\/wp\/v2\/pages\/635\/revisions\/638"}],"up":[{"embeddable":true,"href":"https:\/\/gravityrankings.davidweb.pro\/br\/wp-json\/wp\/v2\/pages\/577"}],"wp:attachment":[{"href":"https:\/\/gravityrankings.davidweb.pro\/br\/wp-json\/wp\/v2\/media?parent=635"}],"curies":[{"name":"wp","href":"https:\/\/api.w.org\/{rel}","templated":true}]}}