{"id":639,"date":"2022-04-18T12:00:49","date_gmt":"2022-04-18T15:00:49","guid":{"rendered":"https:\/\/gravityrankings.davidweb.pro\/?page_id=639"},"modified":"2022-04-29T09:35:37","modified_gmt":"2022-04-29T12:35:37","slug":"seo-step-3-link-building-outreach-and-progression","status":"publish","type":"page","link":"https:\/\/gravityrankings.davidweb.pro\/br\/seo\/seo-step-3-link-building-outreach-and-progression\/","title":{"rendered":"SEO Passo 3: Link Building \u2013 Alcance e Progress\u00e3o"},"content":{"rendered":"<h3 class=\"wp-block-heading\">Postagem de convidado<\/h3>\n\n\n\n<p>De uma perspectiva de SEO, as postagens de convidados s\u00e3o uma \u00f3tima maneira de garantir backlinks contextuais de qualidade; no entanto, tamb\u00e9m podem ajudar a gerar uma grande quantidade de tr\u00e1fego direto e exposi\u00e7\u00e3o da marca. As postagens de convidados n\u00e3o s\u00e3o realmente diferentes de uma postagem de blog padr\u00e3o, elas s\u00e3o simplesmente escritas por escritores &#039;convidados&#039; em vez dos autores de blogs comuns.<\/p>\n\n\n\n<p>Ao convencer os propriet\u00e1rios de sites relevantes a permitir que escrevamos para eles, podemos inserir um link para seu site diretamente no artigo.<\/p>\n\n\n\n<h3 class=\"wp-block-heading\">Infogr\u00e1ficos<\/h3>\n\n\n\n<p>Infogr\u00e1ficos s\u00e3o gr\u00e1ficos criados para representar visualmente informa\u00e7\u00f5es ou dados. Eles podem ser uma ferramenta extremamente eficaz para criar links de alta qualidade em escala, pois (se bem projetados) s\u00e3o um ativo extremamente compartilh\u00e1vel e perene. O melhor dos infogr\u00e1ficos \u00e9 que, ao contr\u00e1rio dos posts de texto, eles podem ser compartilhados em v\u00e1rios sites sem o risco de penalidade por conte\u00fado duplicado.<\/p>\n\n\n\n<p>Podemos cuidar tanto da cria\u00e7\u00e3o quanto da promo\u00e7\u00e3o de infogr\u00e1ficos. Depois de preparar um infogr\u00e1fico bem projetado, nossos especialistas em SEO podem entrar em contato com sites que compartilharam conte\u00fado relacionado no passado, oferecendo a eles a oportunidade de compartilhar o gr\u00e1fico em seu site em troca de um link para seu site (dando a voc\u00ea cr\u00e9dito pelo trabalho).<\/p>\n\n\n\n<h3 class=\"wp-block-heading\">Resumos de links<\/h3>\n\n\n\n<p>Os resumos de links fornecem uma grande oportunidade de obter alguns links contextuais altamente relevantes e obter uma boa quantidade de tr\u00e1fego de refer\u00eancia. Esses tipos de links v\u00eam de sites que selecionam seu conte\u00fado favorito da semana (ou dia) e compartilham links para cada uma das p\u00e1ginas.<\/p>\n\n\n\n<p>Podemos entrar em contato manualmente com os propriet\u00e1rios de sites para propor que seu conte\u00fado seja inclu\u00eddo em um pr\u00f3ximo resumo.<\/p>\n\n\n\n<h3 class=\"wp-block-heading\">P\u00e1ginas de recursos<\/h3>\n\n\n\n<p>As p\u00e1ginas de recursos s\u00e3o semelhantes aos resumos de links, no entanto, s\u00e3o p\u00e1ginas \u00fanicas projetadas para listar links para conte\u00fado perene considerado \u00fatil para o p\u00fablico do site.<\/p>\n\n\n\n<p>Se j\u00e1 houver conte\u00fado apropriado em seu site (ou se voc\u00ea decidir criar algum), podemos entrar em contato com sites relevantes para propor que eles tenham um link para ele em sua p\u00e1gina de recursos.<\/p>\n\n\n\n<h3 class=\"wp-block-heading\">Constru\u00e7\u00e3o de links quebrados<\/h3>\n\n\n\n<p>Com esse m\u00e9todo, encontramos todos os sites relevantes com links para p\u00e1ginas inativas e os contatamos para inform\u00e1-los sobre o link quebrado.<\/p>\n\n\n\n<p>Como forma de corrigir o problema, podemos oferecer a eles a oportunidade de simplesmente substituir o link quebrado por um link para o seu conte\u00fado. Isso nos fornece uma \u00f3tima maneira de obter alguns backlinks altamente relevantes.<\/p>\n\n\n\n<h3 class=\"wp-block-heading\">links de rela\u00e7\u00f5es p\u00fablicas<\/h3>\n\n\n\n<p>Quando voc\u00ea tem uma hist\u00f3ria incr\u00edvel para contar (por exemplo, o lan\u00e7amento de um novo produto ou uma colabora\u00e7\u00e3o recente), alguns links imensamente poderosos podem ser direcionados aos grandes sites de m\u00eddia.<\/p>\n\n\n\n<p>Podemos entrar em contato com rep\u00f3rteres, escritores e editores para apresentar sua hist\u00f3ria e trabalhar para garantir a voc\u00ea alguns merecidos links de autoridade.<\/p>\n\n\n\n<h3 class=\"wp-block-heading\">Recupera\u00e7\u00e3o de links<\/h3>\n\n\n\n<p>A recupera\u00e7\u00e3o de links \u00e9 um processo que envolve &#039;recuperar&#039; quaisquer links para o site de um cliente que possam ter sido perdidos.<\/p>\n\n\n\n<p>Usando uma s\u00e9rie de ferramentas especializadas, nossos especialistas em SEO podem identificar quaisquer sites que possam ter sido vinculados ao seu site no passado, mas por um motivo ou outro agora n\u00e3o o fazem mais. Podemos ent\u00e3o entrar em contato com esses sites e solicitar educadamente que eles mais uma vez tenham um link para o seu site.<\/p>\n\n\n\n<h3 class=\"wp-block-heading\">Links de diret\u00f3rio<\/h3>\n\n\n\n<p>Um diret\u00f3rio da web \u00e9 essencialmente um cat\u00e1logo online de sites. Infelizmente, os links de diret\u00f3rios ganharam uma m\u00e1 reputa\u00e7\u00e3o ao longo dos anos, pois foram fortemente abusados pela comunidade Blackhat SEO para gerar muitos links de &#039;spam&#039;. Felizmente, com foco na qualidade sobre a quantidade, links de diret\u00f3rios cuidadosamente selecionados de sites respeit\u00e1veis ainda podem ajudar a criar um perfil de link forte, natural e completo como parte de uma estrat\u00e9gia de SEO inteiramente Whitehat.<\/p>\n\n\n\n<p>Ao pesquisar cada diret\u00f3rio, podemos ter certeza de que enviaremos seu site apenas para os melhores em seu nicho.<\/p>\n\n\n\n<h3 class=\"wp-block-heading\">Cita\u00e7\u00f5es<\/h3>\n\n\n\n<p>As cita\u00e7\u00f5es podem desempenhar um papel fundamental nas classifica\u00e7\u00f5es dos mecanismos de pesquisa, especialmente quando se trata de resultados de pesquisa local. Ao contr\u00e1rio de outros m\u00e9todos de cria\u00e7\u00e3o de links, as cita\u00e7\u00f5es n\u00e3o dependem realmente de um link, em vez disso, s\u00e3o simplesmente men\u00e7\u00f5es de um nome comercial, endere\u00e7o e, normalmente, seu n\u00famero de telefone (NAP) em um site de terceiros. Alguns bons exemplos de cita\u00e7\u00f5es podem incluir uma lista do shout.com, uma p\u00e1gina da Web de uma associa\u00e7\u00e3o comercial ou um artigo de jornal on-line local que contenha as informa\u00e7\u00f5es da sua empresa.<\/p>\n\n\n\n<p>Depois de pesquisar o seu setor, podemos enviar os detalhes da sua empresa para sites relevantes, a fim de garantir cita\u00e7\u00f5es de alta qualidade para o seu neg\u00f3cio.<\/p>\n\n\n\n<h3 class=\"wp-block-heading\">Sinais sociais<\/h3>\n\n\n\n<p>Os sinais sociais desempenham um papel importante ao sinalizar para os mecanismos de pesquisa que um site \u00e9 confi\u00e1vel e de interesse. Os sinais v\u00eam de coisas como curtidas em uma p\u00e1gina de marca no Facebook, compartilhamentos no Facebook, seguidores no Twitter, Tweets contendo um link ou mencionando o nome de uma marca, etc.<\/p>\n\n\n\n<p>Podemos promover seu conte\u00fado em uma variedade de plataformas sociais para ajudar a aumentar a conscientiza\u00e7\u00e3o e gerar compartilhamentos sociais valiosos. Tamb\u00e9m podemos entrar em contato com influenciadores sociais para ajudar a ganhar alguma tra\u00e7\u00e3o.<\/p>\n\n\n\n<h3 class=\"wp-block-heading\">T\u00e9cnica do arranha-c\u00e9u<\/h3>\n\n\n\n<p>Cunhada por Brian Dean, a t\u00e9cnica Skyscraper \u00e9 uma \u00f3tima estrat\u00e9gia para construir links relevantes. O m\u00e9todo envolve primeiro encontrar um peda\u00e7o de conte\u00fado online que est\u00e1 sendo linkado por muitos sites confi\u00e1veis. O trabalho \u00e9 ent\u00e3o criar uma vers\u00e3o melhor (por exemplo, melhor escrita, mais aprofundada, melhor explicada, etc.).<\/p>\n\n\n\n<p>Nossos especialistas em SEO podem acessar os sites com links para a pe\u00e7a original e apresentar o nosso como uma vers\u00e3o mais recente, atualizada e completa para eles vincularem.<\/p>\n\n\n\n<h3 class=\"wp-block-heading\">Links de v\u00eddeo<\/h3>\n\n\n\n<p>Embora a maioria dos links de sites de compartilhamento de v\u00eddeo, como Youtube e Vimeo, sejam links &#039;No Follow&#039;, eles ainda desempenham um papel fundamental na cria\u00e7\u00e3o de um perfil de link com apar\u00eancia natural.<\/p>\n\n\n\n<p>Se voc\u00ea j\u00e1 tiver alguns v\u00eddeos existentes, podemos compartilh\u00e1-los em v\u00e1rias plataformas de compartilhamento de v\u00eddeos. Isso n\u00e3o apenas nos ajuda a desenvolver um perfil de link saud\u00e1vel, mas tamb\u00e9m pode funcionar bem para direcionar o tr\u00e1fego direto de cada um desses sites.<\/p>\n\n\n\n<h3 class=\"wp-block-heading\">Men\u00e7\u00f5es n\u00e3o vinculadas<\/h3>\n\n\n\n<p>Com base em nossos outros esfor\u00e7os de SEO, \u00e9 prov\u00e1vel que seu site seja mencionado de tempos em tempos; no entanto, nem todos esses sites ter\u00e3o links para seu site.<\/p>\n\n\n\n<p>Ao monitorar as men\u00e7\u00f5es ao nome da sua empresa, podemos entrar em contato com qualquer site que n\u00e3o forne\u00e7a um link e solicitar educadamente que o fa\u00e7am. Esta \u00e9 uma \u00f3tima maneira de obter alguns links extras que, de outra forma, poderiam ter sido perdidos.<\/p>\n\n\n\n<h3 class=\"wp-block-heading\">Avalia\u00e7\u00f5es de produtos\/servi\u00e7os<\/h3>\n\n\n\n<p>Dependendo da natureza do produto ou servi\u00e7o que voc\u00ea oferece, as an\u00e1lises de produtos\/servi\u00e7os podem ser uma \u00f3tima maneira de aumentar a conscientiza\u00e7\u00e3o e garantir alguns links de qualidade. Isso funciona melhor quando voc\u00ea pode oferecer seu produto\/servi\u00e7o gratuitamente (ou a um pre\u00e7o significativamente reduzido) em troca de um v\u00eddeo detalhado ou revis\u00e3o por escrito.<\/p>\n\n\n\n<p>Podemos entrar em contato com influenciadores relacionados ao setor para garantir algumas avalia\u00e7\u00f5es persuasivas junto com alguns backlinks de alta qualidade.<\/p>","protected":false},"excerpt":{"rendered":"<p>Postagens de convidados De uma perspectiva de SEO, as postagens de convidados s\u00e3o uma \u00f3tima maneira de garantir backlinks contextuais e de qualidade. No entanto, elas tamb\u00e9m podem ajudar a gerar uma grande quantidade de tr\u00e1fego direto e exposi\u00e7\u00e3o da marca. As postagens de convidados n\u00e3o s\u00e3o realmente diferentes de uma postagem de blog padr\u00e3o, elas s\u00e3o simplesmente escritas por escritores &#039;convidados&#039; em vez do blog normal\u2026 <a class=\"more-link\" href=\"https:\/\/gravityrankings.davidweb.pro\/br\/seo\/seo-step-3-link-building-outreach-and-progression\/\">continuar lendo <span class=\"screen-reader-text\">SEO Passo 3: Link Building \u2013 Alcance e Progress\u00e3o<\/span><\/a><\/p>","protected":false},"author":1,"featured_media":0,"parent":577,"menu_order":0,"comment_status":"closed","ping_status":"closed","template":"","meta":{"footnotes":""},"class_list":["post-639","page","type-page","status-publish","hentry","entry"],"featured_image_src":null,"_links":{"self":[{"href":"https:\/\/gravityrankings.davidweb.pro\/br\/wp-json\/wp\/v2\/pages\/639","targetHints":{"allow":["GET"]}}],"collection":[{"href":"https:\/\/gravityrankings.davidweb.pro\/br\/wp-json\/wp\/v2\/pages"}],"about":[{"href":"https:\/\/gravityrankings.davidweb.pro\/br\/wp-json\/wp\/v2\/types\/page"}],"author":[{"embeddable":true,"href":"https:\/\/gravityrankings.davidweb.pro\/br\/wp-json\/wp\/v2\/users\/1"}],"replies":[{"embeddable":true,"href":"https:\/\/gravityrankings.davidweb.pro\/br\/wp-json\/wp\/v2\/comments?post=639"}],"version-history":[{"count":3,"href":"https:\/\/gravityrankings.davidweb.pro\/br\/wp-json\/wp\/v2\/pages\/639\/revisions"}],"predecessor-version":[{"id":644,"href":"https:\/\/gravityrankings.davidweb.pro\/br\/wp-json\/wp\/v2\/pages\/639\/revisions\/644"}],"up":[{"embeddable":true,"href":"https:\/\/gravityrankings.davidweb.pro\/br\/wp-json\/wp\/v2\/pages\/577"}],"wp:attachment":[{"href":"https:\/\/gravityrankings.davidweb.pro\/br\/wp-json\/wp\/v2\/media?parent=639"}],"curies":[{"name":"wp","href":"https:\/\/api.w.org\/{rel}","templated":true}]}}