{"id":776,"date":"2022-04-27T07:04:24","date_gmt":"2022-04-27T10:04:24","guid":{"rendered":"https:\/\/gravityrankings.davidweb.pro\/?page_id=776"},"modified":"2023-07-04T19:37:36","modified_gmt":"2023-07-04T19:37:36","slug":"laymans-terms","status":"publish","type":"page","link":"https:\/\/gravityrankings.davidweb.pro\/br\/laymans-terms\/","title":{"rendered":"Introdu\u00e7\u00e3o de termos leigos"},"content":{"rendered":"<h4 class=\"wp-block-heading\">Conhe\u00e7a o rei da pesquisa local \u2013 GMB Gorilla<\/h4>\n\n\n\n<h3 class=\"wp-block-heading\">Bem-vindo \u00e0 selva \u2013 a selva de busca local, \u00e9 claro!<\/h3>\n\n\n\n<p>Tendo migrado pelos SERPs do Google por d\u00e9cadas, sei que nem sempre \u00e9 f\u00e1cil chegar ao topo do ranking.<\/p>\n\n\n\n<p>Acredite em mim, o Google n\u00e3o \u00e9 mais um lugar onde voc\u00ea pode simplesmente aparecer e liderar o bando local pela selva. Voc\u00ea vai precisar de um guia se quiser sobreviver e prosperar. E \u00e9 a\u00ed que eu entro, o GMB Gorilla.<\/p>\n\n\n\n<h2 class=\"wp-block-heading\">Posicione-se mais alto no Google com o GMB Gorilla<\/h2>\n\n\n\n<h3 class=\"wp-block-heading\">Hoje, quase metade de todas as pesquisas do Google exibem resultados de pesquisa local.<\/h3>\n\n\n\n<p>S\u00e3o literalmente milh\u00f5es de pesquisas todos os dias que mostram de forma proeminente o Google Maps e o pacote local de empresas pr\u00f3ximas na parte superior da p\u00e1gina. Banana, certo?<\/p>\n\n\n\n<p>Embora o SEO tradicional do site costumava estar no topo da cadeia alimentar, o aumento cont\u00ednuo nas pesquisas locais lideradas por consultas \u201cperto de mim\u201d significa que chegar ao topo da p\u00e1gina (e se tornar o rei da selva) requer um Google My vencedor Listagem de empresas.<\/p>\n\n\n\n<h3 class=\"wp-block-heading\">O problema?<\/h3>\n\n\n\n<p>Voc\u00ea n\u00e3o tem certeza do que precisa para uma \u00f3tima listagem. E, se voc\u00ea fizer o que deve fazer, provavelmente n\u00e3o ter\u00e1 tempo para lidar com sua listagem. Pelo menos \u00e9 o que aprendi atrav\u00e9s de milhares de intera\u00e7\u00f5es com pessoas que querem exatamente a mesma coisa que voc\u00ea \u2013 melhores classifica\u00e7\u00f5es no Google e mais neg\u00f3cios por causa disso!<\/p>\n\n\n\n<p>\u00c9 por isso que estou aqui para eliminar o mato digital com os servi\u00e7os do Google Meu Neg\u00f3cio que ajudam voc\u00ea a aproveitar ao m\u00e1ximo sua listagem. Independentemente do seu or\u00e7amento ou objetivos, temos um servi\u00e7o do Google Meu Neg\u00f3cio que ajudar\u00e1 voc\u00ea a melhorar seus rankings, visibilidade, tr\u00e1fego e vendas.<\/p>\n\n\n\n<figure class=\"wp-block-image size-large\"><img loading=\"lazy\" decoding=\"async\" width=\"1024\" height=\"1011\" src=\"https:\/\/gravityrankings.davidweb.pro\/wp-content\/uploads\/2022\/04\/pic4-1024x1011.png\" alt=\"\" class=\"wp-image-782\" srcset=\"https:\/\/gravityrankings.davidweb.pro\/wp-content\/uploads\/2022\/04\/pic4-1024x1011.png 1024w, https:\/\/gravityrankings.davidweb.pro\/wp-content\/uploads\/2022\/04\/pic4-300x296.png 300w, https:\/\/gravityrankings.davidweb.pro\/wp-content\/uploads\/2022\/04\/pic4-768x758.png 768w, https:\/\/gravityrankings.davidweb.pro\/wp-content\/uploads\/2022\/04\/pic4-12x12.png 12w, https:\/\/gravityrankings.davidweb.pro\/wp-content\/uploads\/2022\/04\/pic4-600x592.png 600w, https:\/\/gravityrankings.davidweb.pro\/wp-content\/uploads\/2022\/04\/pic4-100x100.png 100w, https:\/\/gravityrankings.davidweb.pro\/wp-content\/uploads\/2022\/04\/pic4.png 1095w\" sizes=\"auto, (max-width: 1024px) 100vw, 1024px\" \/><\/figure>\n\n\n\n<h2 class=\"wp-block-heading\">Por que trabalhar com GMB Gorilla?<\/h2>\n\n\n\n<h4 class=\"wp-block-heading\">Voc\u00ea pode estar pensando, tudo isso parece \u00f3timo. Mas voc\u00ea provavelmente nunca pensou em trabalhar com um macaco. Eu entendo... Eu vi o Planeta dos Macacos tamb\u00e9m<\/h4>\n\n\n\n<p>Brincadeiras \u00e0 parte, aqui est\u00e3o alguns motivos para experimentar meus servi\u00e7os:<\/p>\n\n\n\n<ul class=\"is-style-tw-checkmark wp-block-list\">\n<li>Voc\u00ea n\u00e3o tem tempo para aprender a usar o Google Meu Neg\u00f3cio<\/li>\n\n\n\n<li>Voc\u00ea n\u00e3o quer lidar com o inc\u00f4modo de criar e gerenciar sua listagem<\/li>\n\n\n\n<li>Voc\u00ea n\u00e3o confia que sua ag\u00eancia atual ou fornecedor de servi\u00e7os est\u00e1 fazendo tudo o que pode para ajudar<\/li>\n\n\n\n<li>Voc\u00ea n\u00e3o tem certeza se est\u00e1 fazendo tudo certo e quer trabalhar com um especialista<\/li>\n\n\n\n<li>Voc\u00ea tem v\u00e1rias listagens e n\u00e3o pode mais gerenciar todo o trabalho envolvido<\/li>\n\n\n\n<li>Voc\u00ea deseja liberar tempo para se concentrar em outras \u00e1reas de sua empresa ou departamento<\/li>\n\n\n\n<li>Voc\u00ea deseja terceirizar o gerenciamento do Google Meu Neg\u00f3cio para algu\u00e9m em quem pode confiar<\/li>\n<\/ul>\n\n\n\n<h2 class=\"wp-block-heading\">Este lugar \u00e9 realmente administrado por um bando de macacos?<\/h2>\n\n\n\n<p>Certamente seria um \u00f3timo filme se houvesse um grande gorila azul do marketing que ajudasse empresas em dificuldades a dominar o Google e expandir seus neg\u00f3cios diante de algoritmos, rob\u00f4s e spammers malignos.<\/p>\n\n\n\n<p>Embora j\u00e1 tenhamos um roteiro em andamento para esse longa-metragem, essa selva digital est\u00e1 prosperando gra\u00e7as \u00e0 minha equipe de especialistas do Google Meu Neg\u00f3cio, que trabalha dia e noite nos bastidores! Por favor, n\u00e3o pense que eles est\u00e3o se escondendo na n\u00e9voa, eles se juntar\u00e3o a n\u00f3s a cada passo do caminho para garantir o seu sucesso.<\/p>\n\n\n\n<h4 class=\"wp-block-heading\">Ter uma quest\u00e3o? Precisa de respostas?<br>Quer nos enviar bananas?<\/h4>\n\n\n\n<div class=\"wp-block-buttons is-layout-flex wp-block-buttons-is-layout-flex\">\n<div class=\"wp-block-button\"><a class=\"wp-block-button__link wp-element-button\">Entre em contato conosco aqui hoje<\/a><\/div>\n<\/div>","protected":false},"excerpt":{"rendered":"<p>Conhe\u00e7a o Rei da Pesquisa Local \u2013 GMB Gorilla Bem-vindo \u00e0 selva \u2013 a selva da pesquisa local, \u00e9 claro! Tendo migrado pelos SERPs do Google por d\u00e9cadas, sei que nem sempre \u00e9 f\u00e1cil chegar ao topo do ranking. Acredite, o Google n\u00e3o \u00e9 mais um lugar onde voc\u00ea pode simplesmente\u2026 <a class=\"more-link\" href=\"https:\/\/gravityrankings.davidweb.pro\/br\/laymans-terms\/\">continuar lendo <span class=\"screen-reader-text\">Introdu\u00e7\u00e3o de termos leigos<\/span><\/a><\/p>","protected":false},"author":1,"featured_media":0,"parent":0,"menu_order":0,"comment_status":"closed","ping_status":"closed","template":"","meta":{"footnotes":""},"class_list":["post-776","page","type-page","status-publish","hentry","entry"],"featured_image_src":null,"_links":{"self":[{"href":"https:\/\/gravityrankings.davidweb.pro\/br\/wp-json\/wp\/v2\/pages\/776","targetHints":{"allow":["GET"]}}],"collection":[{"href":"https:\/\/gravityrankings.davidweb.pro\/br\/wp-json\/wp\/v2\/pages"}],"about":[{"href":"https:\/\/gravityrankings.davidweb.pro\/br\/wp-json\/wp\/v2\/types\/page"}],"author":[{"embeddable":true,"href":"https:\/\/gravityrankings.davidweb.pro\/br\/wp-json\/wp\/v2\/users\/1"}],"replies":[{"embeddable":true,"href":"https:\/\/gravityrankings.davidweb.pro\/br\/wp-json\/wp\/v2\/comments?post=776"}],"version-history":[{"count":7,"href":"https:\/\/gravityrankings.davidweb.pro\/br\/wp-json\/wp\/v2\/pages\/776\/revisions"}],"predecessor-version":[{"id":1257,"href":"https:\/\/gravityrankings.davidweb.pro\/br\/wp-json\/wp\/v2\/pages\/776\/revisions\/1257"}],"wp:attachment":[{"href":"https:\/\/gravityrankings.davidweb.pro\/br\/wp-json\/wp\/v2\/media?parent=776"}],"curies":[{"name":"wp","href":"https:\/\/api.w.org\/{rel}","templated":true}]}}